{"id":1994,"date":"2024-08-24T02:14:54","date_gmt":"2024-08-24T00:14:54","guid":{"rendered":"https:\/\/smehub.rs\/about-the-project\/"},"modified":"2024-09-26T16:08:23","modified_gmt":"2024-09-26T14:08:23","slug":"about-the-project","status":"publish","type":"page","link":"https:\/\/smehub.rs\/en\/about-the-project\/","title":{"rendered":"About the Project"},"content":{"rendered":"\t\t<div data-elementor-type=\"wp-page\" data-elementor-id=\"1994\" class=\"elementor elementor-1994 elementor-1567\">\n\t\t\t\t<div class=\"elementor-element elementor-element-75ff25d0 e-flex e-con-boxed e-con e-parent\" data-id=\"75ff25d0\" data-element_type=\"container\" data-e-type=\"container\" data-settings=\"{&quot;background_background&quot;:&quot;classic&quot;}\">\n\t\t\t\t\t<div class=\"e-con-inner\">\n\t\t\t\t<div class=\"elementor-element elementor-element-cb44b85 elementor-widget elementor-widget-qi_addons_for_elementor_section_title\" data-id=\"cb44b85\" data-element_type=\"widget\" data-e-type=\"widget\" data-widget_type=\"qi_addons_for_elementor_section_title.default\">\n\t\t\t\t<div class=\"elementor-widget-container\">\n\t\t\t\t\t<div class=\"qodef-shortcode qodef-m qodef-qi-section-title qodef-decoration--italic qodef-link--underline-draw qodef-subtitle-icon--left\">\n\t\t\t\t\t\t<h1 class=\"qodef-m-title\">\n\t\tAbout the Project\t<\/h1>\n\t\t\t<\/div>\n\t\t\t\t<\/div>\n\t\t\t\t<\/div>\n\t\t\t\t\t<\/div>\n\t\t\t\t<\/div>\n\t\t<div class=\"elementor-element elementor-element-22a860d6 e-flex e-con-boxed e-con e-parent\" data-id=\"22a860d6\" data-element_type=\"container\" data-e-type=\"container\">\n\t\t\t\t\t<div class=\"e-con-inner\">\n\t\t<div class=\"elementor-element elementor-element-42b926f8 e-flex e-con-boxed e-con e-child\" data-id=\"42b926f8\" data-element_type=\"container\" data-e-type=\"container\">\n\t\t\t\t\t<div class=\"e-con-inner\">\n\t\t\t\t<div class=\"elementor-element elementor-element-5197a631 elementor-widget elementor-widget-qi_addons_for_elementor_section_title\" data-id=\"5197a631\" data-element_type=\"widget\" data-e-type=\"widget\" data-widget_type=\"qi_addons_for_elementor_section_title.default\">\n\t\t\t\t<div class=\"elementor-widget-container\">\n\t\t\t\t\t<div class=\"qodef-shortcode qodef-m qodef-qi-section-title qodef-decoration--italic qodef-link--underline-draw qodef-subtitle-icon--left\">\n\t\t\t\t\t\t<h2 class=\"qodef-m-title\">\n\t\tSME HUB\t<\/h2>\n\t\t\t<div class=\"qodef-m-text\"><p>The SME HUB Project is the result of a public-private partnership between the Swiss Government, represented by the Swiss Agency for Development and Cooperation (SDC), and the Serbian company ICT HUB. This project aims to enable Serbian small and medium-sized enterprises to improve their business operations, skills, and capacities, in order to meet the requirements and criteria of multinational and large domestic companies operating in Serbia, becoming their local suppliers.<\/p><\/div>\n\t<\/div>\n\t\t\t\t<\/div>\n\t\t\t\t<\/div>\n\t\t\t\t\t<\/div>\n\t\t\t\t<\/div>\n\t\t<div class=\"elementor-element elementor-element-1d34e57 e-flex e-con-boxed e-con e-child\" data-id=\"1d34e57\" data-element_type=\"container\" data-e-type=\"container\">\n\t\t\t\t\t<div class=\"e-con-inner\">\n\t\t\t\t<div class=\"elementor-element elementor-element-3070b0 elementor-widget elementor-widget-image\" data-id=\"3070b0\" data-element_type=\"widget\" data-e-type=\"widget\" data-widget_type=\"image.default\">\n\t\t\t\t<div class=\"elementor-widget-container\">\n\t\t\t\t\t\t\t\t\t\t\t\t\t\t\t<img fetchpriority=\"high\" decoding=\"async\" width=\"1180\" height=\"1180\" src=\"https:\/\/smehub.rs\/wp-content\/uploads\/2024\/08\/o-projektu-slika1@2x.webp\" class=\"attachment-full size-full wp-image-1830\" alt=\"\" srcset=\"https:\/\/smehub.rs\/wp-content\/uploads\/2024\/08\/o-projektu-slika1@2x.webp 1180w, https:\/\/smehub.rs\/wp-content\/uploads\/2024\/08\/o-projektu-slika1@2x-300x300.webp 300w, https:\/\/smehub.rs\/wp-content\/uploads\/2024\/08\/o-projektu-slika1@2x-1024x1024.webp 1024w, https:\/\/smehub.rs\/wp-content\/uploads\/2024\/08\/o-projektu-slika1@2x-150x150.webp 150w, https:\/\/smehub.rs\/wp-content\/uploads\/2024\/08\/o-projektu-slika1@2x-768x768.webp 768w, https:\/\/smehub.rs\/wp-content\/uploads\/2024\/08\/o-projektu-slika1@2x-650x650.webp 650w\" sizes=\"(max-width: 1180px) 100vw, 1180px\" \/>\t\t\t\t\t\t\t\t\t\t\t\t\t\t\t<\/div>\n\t\t\t\t<\/div>\n\t\t\t\t\t<\/div>\n\t\t\t\t<\/div>\n\t\t\t\t\t<\/div>\n\t\t\t\t<\/div>\n\t\t<div class=\"elementor-element elementor-element-7408486d e-flex e-con-boxed e-con e-parent\" data-id=\"7408486d\" data-element_type=\"container\" data-e-type=\"container\">\n\t\t\t\t\t<div class=\"e-con-inner\">\n\t\t<div class=\"elementor-element elementor-element-702e83cb e-flex e-con-boxed e-con e-child\" data-id=\"702e83cb\" data-element_type=\"container\" data-e-type=\"container\">\n\t\t\t\t\t<div class=\"e-con-inner\">\n\t\t\t\t<div class=\"elementor-element elementor-element-2e5df5c4 elementor-widget elementor-widget-qi_addons_for_elementor_section_title\" data-id=\"2e5df5c4\" data-element_type=\"widget\" data-e-type=\"widget\" data-widget_type=\"qi_addons_for_elementor_section_title.default\">\n\t\t\t\t<div class=\"elementor-widget-container\">\n\t\t\t\t\t<div class=\"qodef-shortcode qodef-m qodef-qi-section-title qodef-decoration--italic qodef-link--underline-draw qodef-subtitle-icon--left\">\n\t\t\t\t\t\t<h2 class=\"qodef-m-title\">\n\t\tWhat does it offer?\t<\/h2>\n\t\t\t<div class=\"qodef-m-text\"><p>SME HUB, with the involvement of various stakeholders and experts from the private sector, offers a comprehensive service that begins with researching the needs of multinational and large domestic companies through scouting, selecting small and medium-sized enterprises, conducting diagnostics and creating transformation plans, managing and monitoring capacity improvements, and providing access to finances until the moment when a Serbian company signs a collaboration agreement with a multinational or large local company. <\/p><\/div>\n\t<\/div>\n\t\t\t\t<\/div>\n\t\t\t\t<\/div>\n\t\t\t\t\t<\/div>\n\t\t\t\t<\/div>\n\t\t<div class=\"elementor-element elementor-element-7cfd7ca3 e-flex e-con-boxed e-con e-child\" data-id=\"7cfd7ca3\" data-element_type=\"container\" data-e-type=\"container\">\n\t\t\t\t\t<div class=\"e-con-inner\">\n\t\t\t\t<div class=\"elementor-element elementor-element-6f6068eb elementor-widget elementor-widget-image\" data-id=\"6f6068eb\" data-element_type=\"widget\" data-e-type=\"widget\" data-widget_type=\"image.default\">\n\t\t\t\t<div class=\"elementor-widget-container\">\n\t\t\t\t\t\t\t\t\t\t\t\t\t\t\t<img decoding=\"async\" width=\"1180\" height=\"1180\" src=\"https:\/\/smehub.rs\/wp-content\/uploads\/2024\/08\/o-projektu-slika2@2x.webp\" class=\"attachment-full size-full wp-image-1831\" alt=\"\" srcset=\"https:\/\/smehub.rs\/wp-content\/uploads\/2024\/08\/o-projektu-slika2@2x.webp 1180w, https:\/\/smehub.rs\/wp-content\/uploads\/2024\/08\/o-projektu-slika2@2x-300x300.webp 300w, https:\/\/smehub.rs\/wp-content\/uploads\/2024\/08\/o-projektu-slika2@2x-1024x1024.webp 1024w, https:\/\/smehub.rs\/wp-content\/uploads\/2024\/08\/o-projektu-slika2@2x-150x150.webp 150w, https:\/\/smehub.rs\/wp-content\/uploads\/2024\/08\/o-projektu-slika2@2x-768x768.webp 768w, https:\/\/smehub.rs\/wp-content\/uploads\/2024\/08\/o-projektu-slika2@2x-650x650.webp 650w\" sizes=\"(max-width: 1180px) 100vw, 1180px\" \/>\t\t\t\t\t\t\t\t\t\t\t\t\t\t\t<\/div>\n\t\t\t\t<\/div>\n\t\t\t\t\t<\/div>\n\t\t\t\t<\/div>\n\t\t\t\t\t<\/div>\n\t\t\t\t<\/div>\n\t\t\t\t<\/div>\n\t\t","protected":false},"excerpt":{"rendered":"<p>About the Project SME HUB The SME HUB Project is the result of a public-private partnership between the Swiss Government, represented by the Swiss Agency for Development and Cooperation (SDC), and the Serbian company ICT HUB. This project aims to enable Serbian small and medium-sized enterprises to improve their business operations, skills, and capacities, in [&hellip;]<\/p>\n","protected":false},"author":1,"featured_media":0,"parent":0,"menu_order":0,"comment_status":"closed","ping_status":"closed","template":"page-no-title","meta":{"footnotes":""},"class_list":["post-1994","page","type-page","status-publish","hentry"],"yoast_head":"<!-- This site is optimized with the Yoast SEO plugin v27.5 - https:\/\/yoast.com\/product\/yoast-seo-wordpress\/ -->\n<title>About the Project - SME HUB<\/title>\n<meta name=\"description\" content=\"Transformacija doma\u0107ih preduze\u0107a za rast i globalna partnerstva se realizuje kroz partnerstvo ICT Hub-a i \u0160vajcarske vlade.\" \/>\n<meta name=\"robots\" content=\"index, follow, max-snippet:-1, max-image-preview:large, max-video-preview:-1\" \/>\n<link rel=\"canonical\" href=\"https:\/\/smehub.rs\/en\/about-the-project\/\" \/>\n<meta property=\"og:locale\" content=\"en_US\" \/>\n<meta property=\"og:type\" content=\"article\" \/>\n<meta property=\"og:title\" content=\"About the Project - SME HUB\" \/>\n<meta property=\"og:description\" content=\"Transformacija doma\u0107ih preduze\u0107a za rast i globalna partnerstva se realizuje kroz partnerstvo ICT Hub-a i \u0160vajcarske vlade.\" \/>\n<meta property=\"og:url\" content=\"https:\/\/smehub.rs\/en\/about-the-project\/\" \/>\n<meta property=\"og:site_name\" content=\"SME HUB\" \/>\n<meta property=\"article:publisher\" content=\"https:\/\/www.facebook.com\/smehubsrbija\" \/>\n<meta property=\"article:modified_time\" content=\"2024-09-26T14:08:23+00:00\" \/>\n<meta property=\"og:image\" content=\"https:\/\/smehub.rs\/wp-content\/uploads\/2024\/08\/o-projektu-slika1@2x.webp\" \/>\n<meta name=\"twitter:card\" content=\"summary_large_image\" \/>\n<meta name=\"twitter:label1\" content=\"Est. reading time\" \/>\n\t<meta name=\"twitter:data1\" content=\"1 minute\" \/>\n<script type=\"application\/ld+json\" class=\"yoast-schema-graph\">{\"@context\":\"https:\\\/\\\/schema.org\",\"@graph\":[{\"@type\":\"WebPage\",\"@id\":\"https:\\\/\\\/smehub.rs\\\/en\\\/about-the-project\\\/\",\"url\":\"https:\\\/\\\/smehub.rs\\\/en\\\/about-the-project\\\/\",\"name\":\"About the Project - SME HUB\",\"isPartOf\":{\"@id\":\"https:\\\/\\\/smehub.rs\\\/#website\"},\"primaryImageOfPage\":{\"@id\":\"https:\\\/\\\/smehub.rs\\\/en\\\/about-the-project\\\/#primaryimage\"},\"image\":{\"@id\":\"https:\\\/\\\/smehub.rs\\\/en\\\/about-the-project\\\/#primaryimage\"},\"thumbnailUrl\":\"https:\\\/\\\/smehub.rs\\\/wp-content\\\/uploads\\\/2024\\\/08\\\/o-projektu-slika1@2x.webp\",\"datePublished\":\"2024-08-24T00:14:54+00:00\",\"dateModified\":\"2024-09-26T14:08:23+00:00\",\"description\":\"Transformacija doma\u0107ih preduze\u0107a za rast i globalna partnerstva se realizuje kroz partnerstvo ICT Hub-a i \u0160vajcarske vlade.\",\"breadcrumb\":{\"@id\":\"https:\\\/\\\/smehub.rs\\\/en\\\/about-the-project\\\/#breadcrumb\"},\"inLanguage\":\"en-US\",\"potentialAction\":[{\"@type\":\"ReadAction\",\"target\":[\"https:\\\/\\\/smehub.rs\\\/en\\\/about-the-project\\\/\"]}]},{\"@type\":\"ImageObject\",\"inLanguage\":\"en-US\",\"@id\":\"https:\\\/\\\/smehub.rs\\\/en\\\/about-the-project\\\/#primaryimage\",\"url\":\"https:\\\/\\\/smehub.rs\\\/wp-content\\\/uploads\\\/2024\\\/08\\\/o-projektu-slika1@2x.webp\",\"contentUrl\":\"https:\\\/\\\/smehub.rs\\\/wp-content\\\/uploads\\\/2024\\\/08\\\/o-projektu-slika1@2x.webp\"},{\"@type\":\"BreadcrumbList\",\"@id\":\"https:\\\/\\\/smehub.rs\\\/en\\\/about-the-project\\\/#breadcrumb\",\"itemListElement\":[{\"@type\":\"ListItem\",\"position\":1,\"name\":\"Home\",\"item\":\"https:\\\/\\\/smehub.rs\\\/home\\\/\"},{\"@type\":\"ListItem\",\"position\":2,\"name\":\"About the Project\"}]},{\"@type\":\"WebSite\",\"@id\":\"https:\\\/\\\/smehub.rs\\\/#website\",\"url\":\"https:\\\/\\\/smehub.rs\\\/\",\"name\":\"SME HUB\",\"description\":\"Transformacija lokalnih firmi za globalna partnerstva\",\"publisher\":{\"@id\":\"https:\\\/\\\/smehub.rs\\\/#organization\"},\"alternateName\":\"SME HUB\",\"potentialAction\":[{\"@type\":\"SearchAction\",\"target\":{\"@type\":\"EntryPoint\",\"urlTemplate\":\"https:\\\/\\\/smehub.rs\\\/?s={search_term_string}\"},\"query-input\":{\"@type\":\"PropertyValueSpecification\",\"valueRequired\":true,\"valueName\":\"search_term_string\"}}],\"inLanguage\":\"en-US\"},{\"@type\":\"Organization\",\"@id\":\"https:\\\/\\\/smehub.rs\\\/#organization\",\"name\":\"SME HUB\",\"alternateName\":\"SME HUB\",\"url\":\"https:\\\/\\\/smehub.rs\\\/\",\"logo\":{\"@type\":\"ImageObject\",\"inLanguage\":\"en-US\",\"@id\":\"https:\\\/\\\/smehub.rs\\\/#\\\/schema\\\/logo\\\/image\\\/\",\"url\":\"https:\\\/\\\/smehub.rs\\\/wp-content\\\/uploads\\\/2024\\\/03\\\/pokrivalica.webp\",\"contentUrl\":\"https:\\\/\\\/smehub.rs\\\/wp-content\\\/uploads\\\/2024\\\/03\\\/pokrivalica.webp\",\"width\":500,\"height\":500,\"caption\":\"SME HUB\"},\"image\":{\"@id\":\"https:\\\/\\\/smehub.rs\\\/#\\\/schema\\\/logo\\\/image\\\/\"},\"sameAs\":[\"https:\\\/\\\/www.facebook.com\\\/smehubsrbija\",\"https:\\\/\\\/www.linkedin.com\\\/company\\\/smehubsrbija\\\/\"]}]}<\/script>\n<!-- \/ Yoast SEO plugin. -->","yoast_head_json":{"title":"About the Project - SME HUB","description":"Transformacija doma\u0107ih preduze\u0107a za rast i globalna partnerstva se realizuje kroz partnerstvo ICT Hub-a i \u0160vajcarske vlade.","robots":{"index":"index","follow":"follow","max-snippet":"max-snippet:-1","max-image-preview":"max-image-preview:large","max-video-preview":"max-video-preview:-1"},"canonical":"https:\/\/smehub.rs\/en\/about-the-project\/","og_locale":"en_US","og_type":"article","og_title":"About the Project - SME HUB","og_description":"Transformacija doma\u0107ih preduze\u0107a za rast i globalna partnerstva se realizuje kroz partnerstvo ICT Hub-a i \u0160vajcarske vlade.","og_url":"https:\/\/smehub.rs\/en\/about-the-project\/","og_site_name":"SME HUB","article_publisher":"https:\/\/www.facebook.com\/smehubsrbija","article_modified_time":"2024-09-26T14:08:23+00:00","og_image":[{"url":"https:\/\/smehub.rs\/wp-content\/uploads\/2024\/08\/o-projektu-slika1@2x.webp","type":"","width":"","height":""}],"twitter_card":"summary_large_image","twitter_misc":{"Est. reading time":"1 minute"},"schema":{"@context":"https:\/\/schema.org","@graph":[{"@type":"WebPage","@id":"https:\/\/smehub.rs\/en\/about-the-project\/","url":"https:\/\/smehub.rs\/en\/about-the-project\/","name":"About the Project - SME HUB","isPartOf":{"@id":"https:\/\/smehub.rs\/#website"},"primaryImageOfPage":{"@id":"https:\/\/smehub.rs\/en\/about-the-project\/#primaryimage"},"image":{"@id":"https:\/\/smehub.rs\/en\/about-the-project\/#primaryimage"},"thumbnailUrl":"https:\/\/smehub.rs\/wp-content\/uploads\/2024\/08\/o-projektu-slika1@2x.webp","datePublished":"2024-08-24T00:14:54+00:00","dateModified":"2024-09-26T14:08:23+00:00","description":"Transformacija doma\u0107ih preduze\u0107a za rast i globalna partnerstva se realizuje kroz partnerstvo ICT Hub-a i \u0160vajcarske vlade.","breadcrumb":{"@id":"https:\/\/smehub.rs\/en\/about-the-project\/#breadcrumb"},"inLanguage":"en-US","potentialAction":[{"@type":"ReadAction","target":["https:\/\/smehub.rs\/en\/about-the-project\/"]}]},{"@type":"ImageObject","inLanguage":"en-US","@id":"https:\/\/smehub.rs\/en\/about-the-project\/#primaryimage","url":"https:\/\/smehub.rs\/wp-content\/uploads\/2024\/08\/o-projektu-slika1@2x.webp","contentUrl":"https:\/\/smehub.rs\/wp-content\/uploads\/2024\/08\/o-projektu-slika1@2x.webp"},{"@type":"BreadcrumbList","@id":"https:\/\/smehub.rs\/en\/about-the-project\/#breadcrumb","itemListElement":[{"@type":"ListItem","position":1,"name":"Home","item":"https:\/\/smehub.rs\/home\/"},{"@type":"ListItem","position":2,"name":"About the Project"}]},{"@type":"WebSite","@id":"https:\/\/smehub.rs\/#website","url":"https:\/\/smehub.rs\/","name":"SME HUB","description":"Transformacija lokalnih firmi za globalna partnerstva","publisher":{"@id":"https:\/\/smehub.rs\/#organization"},"alternateName":"SME HUB","potentialAction":[{"@type":"SearchAction","target":{"@type":"EntryPoint","urlTemplate":"https:\/\/smehub.rs\/?s={search_term_string}"},"query-input":{"@type":"PropertyValueSpecification","valueRequired":true,"valueName":"search_term_string"}}],"inLanguage":"en-US"},{"@type":"Organization","@id":"https:\/\/smehub.rs\/#organization","name":"SME HUB","alternateName":"SME HUB","url":"https:\/\/smehub.rs\/","logo":{"@type":"ImageObject","inLanguage":"en-US","@id":"https:\/\/smehub.rs\/#\/schema\/logo\/image\/","url":"https:\/\/smehub.rs\/wp-content\/uploads\/2024\/03\/pokrivalica.webp","contentUrl":"https:\/\/smehub.rs\/wp-content\/uploads\/2024\/03\/pokrivalica.webp","width":500,"height":500,"caption":"SME HUB"},"image":{"@id":"https:\/\/smehub.rs\/#\/schema\/logo\/image\/"},"sameAs":["https:\/\/www.facebook.com\/smehubsrbija","https:\/\/www.linkedin.com\/company\/smehubsrbija\/"]}]}},"_links":{"self":[{"href":"https:\/\/smehub.rs\/en\/wp-json\/wp\/v2\/pages\/1994","targetHints":{"allow":["GET"]}}],"collection":[{"href":"https:\/\/smehub.rs\/en\/wp-json\/wp\/v2\/pages"}],"about":[{"href":"https:\/\/smehub.rs\/en\/wp-json\/wp\/v2\/types\/page"}],"author":[{"embeddable":true,"href":"https:\/\/smehub.rs\/en\/wp-json\/wp\/v2\/users\/1"}],"replies":[{"embeddable":true,"href":"https:\/\/smehub.rs\/en\/wp-json\/wp\/v2\/comments?post=1994"}],"version-history":[{"count":0,"href":"https:\/\/smehub.rs\/en\/wp-json\/wp\/v2\/pages\/1994\/revisions"}],"wp:attachment":[{"href":"https:\/\/smehub.rs\/en\/wp-json\/wp\/v2\/media?parent=1994"}],"curies":[{"name":"wp","href":"https:\/\/api.w.org\/{rel}","templated":true}]}}