{"id":2006,"date":"2024-08-24T03:14:13","date_gmt":"2024-08-24T01:14:13","guid":{"rendered":"https:\/\/smehub.rs\/news\/"},"modified":"2025-02-24T12:52:41","modified_gmt":"2025-02-24T11:52:41","slug":"news","status":"publish","type":"page","link":"https:\/\/smehub.rs\/en\/news\/","title":{"rendered":"News"},"content":{"rendered":"\t\t<div data-elementor-type=\"wp-page\" data-elementor-id=\"2006\" class=\"elementor elementor-2006 elementor-1613\">\n\t\t\t\t<div class=\"elementor-element elementor-element-371ecf4 e-flex e-con-boxed e-con e-parent\" data-id=\"371ecf4\" data-element_type=\"container\" data-e-type=\"container\" data-settings=\"{&quot;background_background&quot;:&quot;classic&quot;}\">\n\t\t\t\t\t<div class=\"e-con-inner\">\n\t\t\t\t<div class=\"elementor-element elementor-element-8468b75 elementor-widget elementor-widget-qi_addons_for_elementor_section_title\" data-id=\"8468b75\" data-element_type=\"widget\" data-e-type=\"widget\" data-widget_type=\"qi_addons_for_elementor_section_title.default\">\n\t\t\t\t<div class=\"elementor-widget-container\">\n\t\t\t\t\t<div class=\"qodef-shortcode qodef-m qodef-qi-section-title qodef-decoration--italic qodef-link--underline-draw qodef-subtitle-icon--left\">\n\t\t\t\t\t\t<h1 class=\"qodef-m-title\">\n\t\tNews\t<\/h1>\n\t\t\t<\/div>\n\t\t\t\t<\/div>\n\t\t\t\t<\/div>\n\t\t\t\t\t<\/div>\n\t\t\t\t<\/div>\n\t\t<div class=\"elementor-element elementor-element-3dd2052d e-flex e-con-boxed e-con e-parent\" data-id=\"3dd2052d\" data-element_type=\"container\" data-e-type=\"container\">\n\t\t\t\t\t<div class=\"e-con-inner\">\n\t\t\t\t<div class=\"elementor-element elementor-element-2ac98b1a elementor-widget elementor-widget-qi_addons_for_elementor_blog_list\" data-id=\"2ac98b1a\" data-element_type=\"widget\" data-e-type=\"widget\" data-widget_type=\"qi_addons_for_elementor_blog_list.default\">\n\t\t\t\t<div class=\"elementor-widget-container\">\n\t\t\t\t\t<div class=\"qodef-shortcode qodef-m qodef-addons-blog-list qodef-info-no-icons qodef-image--hover-zoom qodef-qi-grid qodef-layout--qi-columns qodef-col-num--3 qodef-item-layout--boxed qodef-responsive--predefined\" >\n\t<div class=\"qodef-grid-inner\">\n\t\t<article class=\"qodef-e qodef-blog-item qodef-grid-item qodef-item--custom post-2061 post type-post status-publish format-standard has-post-thumbnail hentry category-news-en\">\n\t<div class=\"qodef-e-inner\">\n\t\t<div class=\"qodef-e-media-holder\">\n\t\t\t<div class=\"qodef-e-media\">\n\t\t<div class=\"qodef-e-media-image\">\n\t\t<a itemprop=\"url\" href=\"https:\/\/smehub.rs\/en\/sme-hub-transforms-domestic-companies-for-growth-and-global-partnerships\/\">\n\t\t\t<img fetchpriority=\"high\" decoding=\"async\" src=\"https:\/\/smehub.rs\/wp-content\/uploads\/2024\/01\/SME-HUB-transformise-domaca-preduzeca-za-rast-i-globalna-partnerstva-400x200.jpg\" alt=\"\" width=\"400\" height=\"200\" \/>\t\t<\/a>\n\t\t\t<\/div>\n<\/div>\n\t\t<\/div>\n\t\t<div class=\"qodef-e-content\">\n\t\t\t\t\t\t<div class=\"qodef-e-text\">\n\t\t\t\t<h4 itemprop=\"name\" class=\"qodef-e-title entry-title\">\n\t<a itemprop=\"url\" class=\"qodef-e-title-link\" href=\"https:\/\/smehub.rs\/en\/sme-hub-transforms-domestic-companies-for-growth-and-global-partnerships\/\">\n\t\tSME HUB transforms domestic companies for growth and global partnerships\t<\/a>\n<\/h4>\n\t\t<p itemprop=\"description\" class=\"qodef-e-excerpt\">\n\t\t\tSME HUB represents a unique endeavor to achieve significant changes in the entire Serbian economy by strengthening one of its fundamental pillars \u2013 the small and medium-sized ent\t\t<\/p>\n\t\t\t\t<\/div>\n\t\t\t\t\t\t\t<div class=\"qodef-e-info qodef-info--bottom\">\n\t\t\t\t\t\t<div class=\"qodef-e-read-more\">\n\t\t<a class=\"qodef-shortcode qodef-m qodef-qi-button qodef-html--link qodef-layout--filled qodef-type--standard qodef-icon--right qodef-hover--icon-move-horizontal-short\" href=\"https:\/\/smehub.rs\/en\/sme-hub-transforms-domestic-companies-for-growth-and-global-partnerships\/\" target=\"_self\">\t<span class=\"qodef-m-text\">Read More<\/span>\t<\/a>\t<\/div>\n\t\t\t\t<\/div>\n\t\t\t\t\t<\/div>\n\t<\/div>\n<\/article>\n\t<\/div>\n\t<\/div>\n\t\t\t\t<\/div>\n\t\t\t\t<\/div>\n\t\t\t\t\t<\/div>\n\t\t\t\t<\/div>\n\t\t\t\t<\/div>\n\t\t","protected":false},"excerpt":{"rendered":"<p>News Mala radionica \u010dokolade u kuhinji velikog Bambija Zahvaljuju\u0107i podr\u0161ci SME HUB-a, \u0161vajcarsko-srpske inicijative koja poma\u017ee malim i srednjim firmama u procesu poslovne transformacije, Ador\u00e9 je oja\u010dao deo svojih organizacioni Read More JAVNI POZIV ZA PRIKUPLJANJE PISANIH PONUDA ZA PRU\u017dANJE USLUGA IZRADE I IMPLEMENTACIJE ERP SISTEMA, SA TEHNI\u010cKIM SPECIFIKACIJAMA I KRITERIJUMIMA ZA OCENU PONUDA I [&hellip;]<\/p>\n","protected":false},"author":1,"featured_media":0,"parent":0,"menu_order":0,"comment_status":"closed","ping_status":"closed","template":"page-no-title","meta":{"footnotes":""},"class_list":["post-2006","page","type-page","status-publish","hentry"],"yoast_head":"<!-- This site is optimized with the Yoast SEO plugin v27.4 - https:\/\/yoast.com\/product\/yoast-seo-wordpress\/ -->\n<title>News - SME HUB<\/title>\n<meta name=\"description\" content=\"Transformacija doma\u0107ih preduze\u0107a za rast i globalna partnerstva se realizuje kroz partnerstvo ICT Hub-a i \u0160vajcarske vlade.\" \/>\n<meta name=\"robots\" content=\"index, follow, max-snippet:-1, max-image-preview:large, max-video-preview:-1\" \/>\n<link rel=\"canonical\" href=\"https:\/\/smehub.rs\/news\/\" \/>\n<meta property=\"og:locale\" content=\"en_US\" \/>\n<meta property=\"og:type\" content=\"article\" \/>\n<meta property=\"og:title\" content=\"News - SME HUB\" \/>\n<meta property=\"og:description\" content=\"Transformacija doma\u0107ih preduze\u0107a za rast i globalna partnerstva se realizuje kroz partnerstvo ICT Hub-a i \u0160vajcarske vlade.\" \/>\n<meta property=\"og:url\" content=\"https:\/\/smehub.rs\/news\/\" \/>\n<meta property=\"og:site_name\" content=\"SME HUB\" \/>\n<meta property=\"article:publisher\" content=\"https:\/\/www.facebook.com\/smehubsrbija\" \/>\n<meta property=\"article:modified_time\" content=\"2025-02-24T11:52:41+00:00\" \/>\n<meta property=\"og:image\" content=\"https:\/\/smehub.rs\/wp-content\/uploads\/2025\/02\/Adore-min-400x200.webp\" \/>\n<meta name=\"twitter:card\" content=\"summary_large_image\" \/>\n<meta name=\"twitter:label1\" content=\"Est. reading time\" \/>\n\t<meta name=\"twitter:data1\" content=\"6 minutes\" \/>\n<script type=\"application\/ld+json\" class=\"yoast-schema-graph\">{\"@context\":\"https:\\\/\\\/schema.org\",\"@graph\":[{\"@type\":\"WebPage\",\"@id\":\"https:\\\/\\\/smehub.rs\\\/news\\\/\",\"url\":\"https:\\\/\\\/smehub.rs\\\/news\\\/\",\"name\":\"News - SME HUB\",\"isPartOf\":{\"@id\":\"https:\\\/\\\/smehub.rs\\\/#website\"},\"primaryImageOfPage\":{\"@id\":\"https:\\\/\\\/smehub.rs\\\/news\\\/#primaryimage\"},\"image\":{\"@id\":\"https:\\\/\\\/smehub.rs\\\/news\\\/#primaryimage\"},\"thumbnailUrl\":\"https:\\\/\\\/smehub.rs\\\/wp-content\\\/uploads\\\/2025\\\/02\\\/Adore-min-400x200.webp\",\"datePublished\":\"2024-08-24T01:14:13+00:00\",\"dateModified\":\"2025-02-24T11:52:41+00:00\",\"description\":\"Transformacija doma\u0107ih preduze\u0107a za rast i globalna partnerstva se realizuje kroz partnerstvo ICT Hub-a i \u0160vajcarske vlade.\",\"breadcrumb\":{\"@id\":\"https:\\\/\\\/smehub.rs\\\/news\\\/#breadcrumb\"},\"inLanguage\":\"en-US\",\"potentialAction\":[{\"@type\":\"ReadAction\",\"target\":[\"https:\\\/\\\/smehub.rs\\\/news\\\/\"]}]},{\"@type\":\"ImageObject\",\"inLanguage\":\"en-US\",\"@id\":\"https:\\\/\\\/smehub.rs\\\/news\\\/#primaryimage\",\"url\":\"https:\\\/\\\/smehub.rs\\\/wp-content\\\/uploads\\\/2025\\\/02\\\/Adore-min-400x200.webp\",\"contentUrl\":\"https:\\\/\\\/smehub.rs\\\/wp-content\\\/uploads\\\/2025\\\/02\\\/Adore-min-400x200.webp\"},{\"@type\":\"BreadcrumbList\",\"@id\":\"https:\\\/\\\/smehub.rs\\\/news\\\/#breadcrumb\",\"itemListElement\":[{\"@type\":\"ListItem\",\"position\":1,\"name\":\"Home\",\"item\":\"https:\\\/\\\/smehub.rs\\\/home\\\/\"},{\"@type\":\"ListItem\",\"position\":2,\"name\":\"News\"}]},{\"@type\":\"WebSite\",\"@id\":\"https:\\\/\\\/smehub.rs\\\/#website\",\"url\":\"https:\\\/\\\/smehub.rs\\\/\",\"name\":\"SME HUB\",\"description\":\"Transformacija lokalnih firmi za globalna partnerstva\",\"publisher\":{\"@id\":\"https:\\\/\\\/smehub.rs\\\/#organization\"},\"alternateName\":\"SME HUB\",\"potentialAction\":[{\"@type\":\"SearchAction\",\"target\":{\"@type\":\"EntryPoint\",\"urlTemplate\":\"https:\\\/\\\/smehub.rs\\\/?s={search_term_string}\"},\"query-input\":{\"@type\":\"PropertyValueSpecification\",\"valueRequired\":true,\"valueName\":\"search_term_string\"}}],\"inLanguage\":\"en-US\"},{\"@type\":\"Organization\",\"@id\":\"https:\\\/\\\/smehub.rs\\\/#organization\",\"name\":\"SME HUB\",\"alternateName\":\"SME HUB\",\"url\":\"https:\\\/\\\/smehub.rs\\\/\",\"logo\":{\"@type\":\"ImageObject\",\"inLanguage\":\"en-US\",\"@id\":\"https:\\\/\\\/smehub.rs\\\/#\\\/schema\\\/logo\\\/image\\\/\",\"url\":\"https:\\\/\\\/smehub.rs\\\/wp-content\\\/uploads\\\/2024\\\/03\\\/pokrivalica.webp\",\"contentUrl\":\"https:\\\/\\\/smehub.rs\\\/wp-content\\\/uploads\\\/2024\\\/03\\\/pokrivalica.webp\",\"width\":500,\"height\":500,\"caption\":\"SME HUB\"},\"image\":{\"@id\":\"https:\\\/\\\/smehub.rs\\\/#\\\/schema\\\/logo\\\/image\\\/\"},\"sameAs\":[\"https:\\\/\\\/www.facebook.com\\\/smehubsrbija\",\"https:\\\/\\\/www.linkedin.com\\\/company\\\/smehubsrbija\\\/\"]}]}<\/script>\n<!-- \/ Yoast SEO plugin. -->","yoast_head_json":{"title":"News - SME HUB","description":"Transformacija doma\u0107ih preduze\u0107a za rast i globalna partnerstva se realizuje kroz partnerstvo ICT Hub-a i \u0160vajcarske vlade.","robots":{"index":"index","follow":"follow","max-snippet":"max-snippet:-1","max-image-preview":"max-image-preview:large","max-video-preview":"max-video-preview:-1"},"canonical":"https:\/\/smehub.rs\/news\/","og_locale":"en_US","og_type":"article","og_title":"News - SME HUB","og_description":"Transformacija doma\u0107ih preduze\u0107a za rast i globalna partnerstva se realizuje kroz partnerstvo ICT Hub-a i \u0160vajcarske vlade.","og_url":"https:\/\/smehub.rs\/news\/","og_site_name":"SME HUB","article_publisher":"https:\/\/www.facebook.com\/smehubsrbija","article_modified_time":"2025-02-24T11:52:41+00:00","og_image":[{"url":"https:\/\/smehub.rs\/wp-content\/uploads\/2025\/02\/Adore-min-400x200.webp","type":"","width":"","height":""}],"twitter_card":"summary_large_image","twitter_misc":{"Est. reading time":"6 minutes"},"schema":{"@context":"https:\/\/schema.org","@graph":[{"@type":"WebPage","@id":"https:\/\/smehub.rs\/news\/","url":"https:\/\/smehub.rs\/news\/","name":"News - SME HUB","isPartOf":{"@id":"https:\/\/smehub.rs\/#website"},"primaryImageOfPage":{"@id":"https:\/\/smehub.rs\/news\/#primaryimage"},"image":{"@id":"https:\/\/smehub.rs\/news\/#primaryimage"},"thumbnailUrl":"https:\/\/smehub.rs\/wp-content\/uploads\/2025\/02\/Adore-min-400x200.webp","datePublished":"2024-08-24T01:14:13+00:00","dateModified":"2025-02-24T11:52:41+00:00","description":"Transformacija doma\u0107ih preduze\u0107a za rast i globalna partnerstva se realizuje kroz partnerstvo ICT Hub-a i \u0160vajcarske vlade.","breadcrumb":{"@id":"https:\/\/smehub.rs\/news\/#breadcrumb"},"inLanguage":"en-US","potentialAction":[{"@type":"ReadAction","target":["https:\/\/smehub.rs\/news\/"]}]},{"@type":"ImageObject","inLanguage":"en-US","@id":"https:\/\/smehub.rs\/news\/#primaryimage","url":"https:\/\/smehub.rs\/wp-content\/uploads\/2025\/02\/Adore-min-400x200.webp","contentUrl":"https:\/\/smehub.rs\/wp-content\/uploads\/2025\/02\/Adore-min-400x200.webp"},{"@type":"BreadcrumbList","@id":"https:\/\/smehub.rs\/news\/#breadcrumb","itemListElement":[{"@type":"ListItem","position":1,"name":"Home","item":"https:\/\/smehub.rs\/home\/"},{"@type":"ListItem","position":2,"name":"News"}]},{"@type":"WebSite","@id":"https:\/\/smehub.rs\/#website","url":"https:\/\/smehub.rs\/","name":"SME HUB","description":"Transformacija lokalnih firmi za globalna partnerstva","publisher":{"@id":"https:\/\/smehub.rs\/#organization"},"alternateName":"SME HUB","potentialAction":[{"@type":"SearchAction","target":{"@type":"EntryPoint","urlTemplate":"https:\/\/smehub.rs\/?s={search_term_string}"},"query-input":{"@type":"PropertyValueSpecification","valueRequired":true,"valueName":"search_term_string"}}],"inLanguage":"en-US"},{"@type":"Organization","@id":"https:\/\/smehub.rs\/#organization","name":"SME HUB","alternateName":"SME HUB","url":"https:\/\/smehub.rs\/","logo":{"@type":"ImageObject","inLanguage":"en-US","@id":"https:\/\/smehub.rs\/#\/schema\/logo\/image\/","url":"https:\/\/smehub.rs\/wp-content\/uploads\/2024\/03\/pokrivalica.webp","contentUrl":"https:\/\/smehub.rs\/wp-content\/uploads\/2024\/03\/pokrivalica.webp","width":500,"height":500,"caption":"SME HUB"},"image":{"@id":"https:\/\/smehub.rs\/#\/schema\/logo\/image\/"},"sameAs":["https:\/\/www.facebook.com\/smehubsrbija","https:\/\/www.linkedin.com\/company\/smehubsrbija\/"]}]}},"_links":{"self":[{"href":"https:\/\/smehub.rs\/en\/wp-json\/wp\/v2\/pages\/2006","targetHints":{"allow":["GET"]}}],"collection":[{"href":"https:\/\/smehub.rs\/en\/wp-json\/wp\/v2\/pages"}],"about":[{"href":"https:\/\/smehub.rs\/en\/wp-json\/wp\/v2\/types\/page"}],"author":[{"embeddable":true,"href":"https:\/\/smehub.rs\/en\/wp-json\/wp\/v2\/users\/1"}],"replies":[{"embeddable":true,"href":"https:\/\/smehub.rs\/en\/wp-json\/wp\/v2\/comments?post=2006"}],"version-history":[{"count":0,"href":"https:\/\/smehub.rs\/en\/wp-json\/wp\/v2\/pages\/2006\/revisions"}],"wp:attachment":[{"href":"https:\/\/smehub.rs\/en\/wp-json\/wp\/v2\/media?parent=2006"}],"curies":[{"name":"wp","href":"https:\/\/api.w.org\/{rel}","templated":true}]}}